{"id":2125,"date":"2024-07-16T12:43:44","date_gmt":"2024-07-16T12:43:44","guid":{"rendered":"https:\/\/naluvalencia.com\/?page_id=2125"},"modified":"2024-10-11T12:24:55","modified_gmt":"2024-10-11T12:24:55","slug":"condizioni-di-prenotazione","status":"publish","type":"page","link":"https:\/\/naluvalencia.com\/ita\/condizioni-di-prenotazione\/","title":{"rendered":"Condizioni di prenotazione"},"content":{"rendered":"\t\t<div data-elementor-type=\"wp-page\" data-elementor-id=\"2125\" class=\"elementor elementor-2125\" data-elementor-post-type=\"page\">\n\t\t\t\t<div class=\"elementor-element elementor-element-cacd200 e-flex e-con-boxed e-con e-parent\" data-id=\"cacd200\" data-element_type=\"container\" data-e-type=\"container\">\n\t\t\t\t\t<div class=\"e-con-inner\">\n\t\t\t\t<div class=\"elementor-element elementor-element-8f6ea6b elementor-widget elementor-widget-text-editor\" data-id=\"8f6ea6b\" data-element_type=\"widget\" data-e-type=\"widget\" data-widget_type=\"text-editor.default\">\n\t\t\t\t<div class=\"elementor-widget-container\">\n\t\t\t\t\t\t\t\t\t<h2 style=\"text-align: justify;\">Condiciones de reserva<\/h2><h4 style=\"text-align: justify;\"><b>[avsh_laurl]<\/b><\/h4><h3 style=\"text-align: justify;\">I. <strong>POL\u00cdTICA DE LLEGADA\/SALIDA\u00a0<\/strong><\/h3><p style=\"text-align: justify;\">Esta propiedad tiene las siguientes tiempos y pol\u00edticas de check-in \/ check-out.<\/p><p style=\"text-align: justify;\">Llegada: 14:00<\/p><p style=\"text-align: justify;\">Salida: 11:00<\/p><h3 style=\"text-align: justify;\">II. <strong>INFORMACI\u00d3N IMPORTANTE<\/strong><\/h3><p style=\"text-align: justify;\">Desde Nalu Valencia Boutique Rooms, les informamos que durante los meses de Enero y Febrero del 2025, se estar\u00e1n realizando obras de mejoras en el pasaje y la entrada del edificio contiguo.Para compensar las molestias ocasionadas por los ruidos que puedan generar de lunes a viernes, de 9:00 a 18:00 hrs. ofrecemos un precio especial en nuestras tarifas durante estas fechas. Agradecemos su comprensi\u00f3n y estamos a su disposici\u00f3n para cualquier consulta.<\/p><p style=\"text-align: justify;\"><strong>Normas internas<\/strong><\/p><p style=\"text-align: justify;\">Somos un establecimiento libre de humo, queda expresamente prohibido fumar en cualquier sector de las instalaciones. Solicitamos m\u00e1ximo respeto ante \u00e9sta norma, por cuestiones de seguridad y de sanidad. SEG\u00daN LEY42\/2010. SE APLICAR\u00c1N CARGOS Y SANCIONES DE INCUMPLIRSE DICHA PROHIBICI\u00d3N. Por favor no extraer de la habitaci\u00f3n ning\u00fan objeto ni accesorio, ya sean toallas, mandos, tarjetas magn\u00e9ticas o cualquier elemento que sea propiedad del hotel. Se aplicar\u00e1n cargos adicionales en caso de incumplimiento de dicha norma.<\/p><p style=\"text-align: justify;\">El presente documento tiene por finalidad regular los TERMINOS o CONDICIONES GENERALES DE CONTRATACI\u00d3N de los servicios de Pre-Reserva y Reserva on-line (en adelante, e indistintamente, los servicios de Pre-Reserva y Reserva on-line, o los servicios) de Nalu Hotel, con domicilio social en Valencia, Calle de la Sangre n\u00ba 9. Los T\u00e9rminos \u00abUsted\u00bb y \u00abUsuario\u00bb se emplean aqu\u00ed para referirse a todos los individuos y\/o entidades que por cualquier raz\u00f3n accedan a www.naluvalencia.com o utilicen los servicios.\u00a0 En caso de\u00a0 cambios en la reserva, cancelaci\u00f3n, devoluci\u00f3n entre otros, e l medio de comunicaci\u00f3n entre el usuario y Nalu Valencia sera a trav\u00e9s del correo electr\u00f3nico info@naluvalencia.com y al Whatsapp +34 647 87 93 44.<\/p><p style=\"text-align: justify;\">\u00a0<\/p><p style=\"text-align: justify;\">La utilizaci\u00f3n de estos servicios, supondr\u00e1 la aceptaci\u00f3n plena y sin reservas, y la validez, de todas y cada uno de los T\u00e9rminos y\/o Condiciones Generales -que se considerar\u00e1n autom\u00e1ticamente incorporadas en el contrato que se suscriba con Nalu Valencia, sin que sea necesaria su trascripci\u00f3n escrita en el mismo- recogidas en la \u00faltima versi\u00f3n actualizada de estos T\u00e9rminos y\/o Condiciones Generales.<\/p><p style=\"text-align: justify;\">\u00a0<\/p><p style=\"text-align: justify;\">Las ofertas no son acumulables a otras promociones, paquetes, planes de tarifas negociadas\/cualificadas u ofertas de bonificaci\u00f3n, y no son v\u00e1lidas para reservas de grupos.<\/p><h3 style=\"text-align: justify;\">III. <strong>USO DE LOS SERVICIOS DE RESERVA ON-LINE<\/strong><\/h3><p style=\"text-align: justify;\">Deber\u00e1 efectuarse el pago \u00edntegro por anticipado en el momento de realizar la reserva. Se le cargar\u00e1 inmediatamente en su tarjeta de cr\u00e9dito la cantidad total presupuestada para toda la estancia reservada.\u00a0\u00a0<\/p><p style=\"text-align: justify;\">Las reservas se har\u00e1n en la moneda local del hotel indicada.\u00a0 Las tarifas mostradas son por habitaci\u00f3n y por noche. A menos que se indique lo contrario, las tarifas incluyen impuestos pero excluyen propinas y gastos imprevistos.<\/p><h3 style=\"text-align: justify;\">IV. <strong>POLITICA DE MENORES<\/strong><\/h3><p style=\"text-align: justify;\">Los menores de 18 a\u00f1os deber\u00e1n alojarse en el Hotel acompa\u00f1ados de sus padres, tutores o adultos debidamente autorizados por aqu\u00e9llos. El personal del Hotel podr\u00e1 requerir la documentaci\u00f3n pertinente que identifique a los adultos como sus padres\/tutores o personas autorizadas.<\/p><h3 style=\"text-align: justify;\">V. <strong>CONDICIONES APLICABLES AL PROCESO DEL CHECK-OUT <\/strong><\/h3><p style=\"text-align: justify;\">El horario de Check-out esta establecido a las 11hs; Se efectuaran cobros adicionales por demoras en el horario de check-out establecido. (cargo 50% del costo de la habitaci\u00f3n)<\/p><p style=\"text-align: justify;\">Ser\u00e1 necesario realizar el Check-out on-line.<\/p><h3 style=\"text-align: justify;\">VI. <strong>CONDICIONES APLICABLES AL PROCESO DEL CHECK-IN<\/strong><\/h3><p style=\"text-align: justify;\">El horario de Check-in est\u00e1 establecido a las 14hs. Si la llegada no se concreta hasta las 22hs y no se registra un aviso de demora para la conservaci\u00f3n de la reserva, la misma ser\u00e1 cancelada en su totalidad, dejando liberada la habitaci\u00f3n SIN posibilidad de reembolso.<\/p><p style=\"text-align: justify;\"><strong>Force Majeure Covid<\/strong><\/p><p style=\"text-align: justify;\">En caso de presentarse una circunstancia de COVID-19 o variantes positivo se suspender\u00e1 la reserva dando la posibilidad de re programar fechas. Nalu se reserva el derecho de establecer disponibilidad de fechas.<\/p><p style=\"text-align: justify;\"><strong>Dep\u00f3sito<\/strong><\/p><p style=\"text-align: justify;\">Nalu Valencia podr\u00e1 realizar\u00e1 un bloqueo de un monto total de 150 euros en concepto de fianza por posibles da\u00f1os o incidencia, los mismos ser\u00e1n reembolsados en el momento de efectuarse el Check-Out debidamente.<\/p><p style=\"text-align: justify;\"><strong>TARIFA FLEXIBLE:<\/strong> La cancelaci\u00f3n ser\u00e1 gratuita hasta 7 d\u00edas antes de la fecha de llegada y hasta 48 horas previas, se reembolsar\u00e1 el 50%. Si se cancela en las 48 h. antes de la llegada o si el cliente no se presenta en la fecha programada, los gastos ser\u00e1n del 100 %.<\/p><p style=\"text-align: justify;\"><strong>TARIFA NO REEMBOLSABLE:<\/strong> estas tarifas no admiten cancelaciones, ni modificaciones. En caso de cancelaci\u00f3n, modificaci\u00f3n o no presentaci\u00f3n, no recibir\u00e1 cr\u00e9dito ni reembolso de la estancia completa.<\/p>\t\t\t\t\t\t\t\t<\/div>\n\t\t\t\t<\/div>\n\t\t\t\t\t<\/div>\n\t\t\t\t<\/div>\n\t\t\t\t<\/div>\n\t\t","protected":false},"excerpt":{"rendered":"<p>Condiciones de reserva [avsh_laurl] I. POL\u00cdTICA DE LLEGADA\/SALIDA\u00a0 Esta propiedad tiene las siguientes tiempos y pol\u00edticas de check-in \/ check-out. Llegada: 14:00 Salida: 11:00 II. INFORMACI\u00d3N IMPORTANTE Desde Nalu Valencia Boutique Rooms, les informamos que durante los meses de Enero y Febrero del 2025, se estar\u00e1n realizando obras de mejoras en el pasaje y la [&hellip;]<\/p>\n","protected":false},"author":1,"featured_media":0,"parent":0,"menu_order":0,"comment_status":"closed","ping_status":"closed","template":"elementor_canvas","meta":{"_acf_changed":false,"footnotes":""},"class_list":["post-2125","page","type-page","status-publish","hentry"],"acf":[],"yoast_head":"<!-- This site is optimized with the Yoast SEO plugin v27.3 - https:\/\/yoast.com\/product\/yoast-seo-wordpress\/ -->\n<title>Condizioni di prenotazione - nalu ITA<\/title>\n<meta name=\"robots\" content=\"index, follow, max-snippet:-1, max-image-preview:large, max-video-preview:-1\" \/>\n<link rel=\"canonical\" href=\"https:\/\/naluvalencia.com\/ita\/condizioni-di-prenotazione\/\" \/>\n<meta property=\"og:locale\" content=\"es_ES\" \/>\n<meta property=\"og:type\" content=\"article\" \/>\n<meta property=\"og:title\" content=\"Condizioni di prenotazione - nalu ITA\" \/>\n<meta property=\"og:description\" content=\"Condiciones de reserva [avsh_laurl] I. POL\u00cdTICA DE LLEGADA\/SALIDA\u00a0 Esta propiedad tiene las siguientes tiempos y pol\u00edticas de check-in \/ check-out. Llegada: 14:00 Salida: 11:00 II. INFORMACI\u00d3N IMPORTANTE Desde Nalu Valencia Boutique Rooms, les informamos que durante los meses de Enero y Febrero del 2025, se estar\u00e1n realizando obras de mejoras en el pasaje y la [&hellip;]\" \/>\n<meta property=\"og:url\" content=\"https:\/\/naluvalencia.com\/ita\/condizioni-di-prenotazione\/\" \/>\n<meta property=\"og:site_name\" content=\"nalu ITA\" \/>\n<meta property=\"article:modified_time\" content=\"2024-10-11T12:24:55+00:00\" \/>\n<meta name=\"twitter:card\" content=\"summary_large_image\" \/>\n<meta name=\"twitter:label1\" content=\"Tiempo de lectura\" \/>\n\t<meta name=\"twitter:data1\" content=\"4 minutos\" \/>\n<script type=\"application\/ld+json\" class=\"yoast-schema-graph\">{\"@context\":\"https:\\\/\\\/schema.org\",\"@graph\":[{\"@type\":\"WebPage\",\"@id\":\"https:\\\/\\\/naluvalencia.com\\\/ita\\\/condizioni-di-prenotazione\\\/\",\"url\":\"https:\\\/\\\/naluvalencia.com\\\/ita\\\/condizioni-di-prenotazione\\\/\",\"name\":\"Condizioni di prenotazione - nalu ITA\",\"isPartOf\":{\"@id\":\"https:\\\/\\\/naluvalencia.com\\\/ita\\\/#website\"},\"datePublished\":\"2024-07-16T12:43:44+00:00\",\"dateModified\":\"2024-10-11T12:24:55+00:00\",\"breadcrumb\":{\"@id\":\"https:\\\/\\\/naluvalencia.com\\\/ita\\\/condizioni-di-prenotazione\\\/#breadcrumb\"},\"inLanguage\":\"es\",\"potentialAction\":[{\"@type\":\"ReadAction\",\"target\":[\"https:\\\/\\\/naluvalencia.com\\\/ita\\\/condizioni-di-prenotazione\\\/\"]}]},{\"@type\":\"BreadcrumbList\",\"@id\":\"https:\\\/\\\/naluvalencia.com\\\/ita\\\/condizioni-di-prenotazione\\\/#breadcrumb\",\"itemListElement\":[{\"@type\":\"ListItem\",\"position\":1,\"name\":\"Portada\",\"item\":\"https:\\\/\\\/naluvalencia.com\\\/ita\\\/\"},{\"@type\":\"ListItem\",\"position\":2,\"name\":\"Condizioni di prenotazione\"}]},{\"@type\":\"WebSite\",\"@id\":\"https:\\\/\\\/naluvalencia.com\\\/ita\\\/#website\",\"url\":\"https:\\\/\\\/naluvalencia.com\\\/ita\\\/\",\"name\":\"nalu ITA\",\"description\":\"Valencia Boutique Rooms\",\"publisher\":{\"@id\":\"https:\\\/\\\/naluvalencia.com\\\/ita\\\/#organization\"},\"potentialAction\":[{\"@type\":\"SearchAction\",\"target\":{\"@type\":\"EntryPoint\",\"urlTemplate\":\"https:\\\/\\\/naluvalencia.com\\\/ita\\\/?s={search_term_string}\"},\"query-input\":{\"@type\":\"PropertyValueSpecification\",\"valueRequired\":true,\"valueName\":\"search_term_string\"}}],\"inLanguage\":\"es\"},{\"@type\":\"Organization\",\"@id\":\"https:\\\/\\\/naluvalencia.com\\\/ita\\\/#organization\",\"name\":\"nalu ITA\",\"url\":\"https:\\\/\\\/naluvalencia.com\\\/ita\\\/\",\"logo\":{\"@type\":\"ImageObject\",\"inLanguage\":\"es\",\"@id\":\"https:\\\/\\\/naluvalencia.com\\\/ita\\\/#\\\/schema\\\/logo\\\/image\\\/\",\"url\":\"https:\\\/\\\/naluvalencia.com\\\/ita\\\/wp-content\\\/uploads\\\/sites\\\/6\\\/NALU-Logo-Blanco.webp\",\"contentUrl\":\"https:\\\/\\\/naluvalencia.com\\\/ita\\\/wp-content\\\/uploads\\\/sites\\\/6\\\/NALU-Logo-Blanco.webp\",\"width\":400,\"height\":173,\"caption\":\"nalu ITA\"},\"image\":{\"@id\":\"https:\\\/\\\/naluvalencia.com\\\/ita\\\/#\\\/schema\\\/logo\\\/image\\\/\"}}]}<\/script>\n<!-- \/ Yoast SEO plugin. -->","yoast_head_json":{"title":"Condizioni di prenotazione - nalu ITA","robots":{"index":"index","follow":"follow","max-snippet":"max-snippet:-1","max-image-preview":"max-image-preview:large","max-video-preview":"max-video-preview:-1"},"canonical":"https:\/\/naluvalencia.com\/ita\/condizioni-di-prenotazione\/","og_locale":"es_ES","og_type":"article","og_title":"Condizioni di prenotazione - nalu ITA","og_description":"Condiciones de reserva [avsh_laurl] I. POL\u00cdTICA DE LLEGADA\/SALIDA\u00a0 Esta propiedad tiene las siguientes tiempos y pol\u00edticas de check-in \/ check-out. Llegada: 14:00 Salida: 11:00 II. INFORMACI\u00d3N IMPORTANTE Desde Nalu Valencia Boutique Rooms, les informamos que durante los meses de Enero y Febrero del 2025, se estar\u00e1n realizando obras de mejoras en el pasaje y la [&hellip;]","og_url":"https:\/\/naluvalencia.com\/ita\/condizioni-di-prenotazione\/","og_site_name":"nalu ITA","article_modified_time":"2024-10-11T12:24:55+00:00","twitter_card":"summary_large_image","twitter_misc":{"Tiempo de lectura":"4 minutos"},"schema":{"@context":"https:\/\/schema.org","@graph":[{"@type":"WebPage","@id":"https:\/\/naluvalencia.com\/ita\/condizioni-di-prenotazione\/","url":"https:\/\/naluvalencia.com\/ita\/condizioni-di-prenotazione\/","name":"Condizioni di prenotazione - nalu ITA","isPartOf":{"@id":"https:\/\/naluvalencia.com\/ita\/#website"},"datePublished":"2024-07-16T12:43:44+00:00","dateModified":"2024-10-11T12:24:55+00:00","breadcrumb":{"@id":"https:\/\/naluvalencia.com\/ita\/condizioni-di-prenotazione\/#breadcrumb"},"inLanguage":"es","potentialAction":[{"@type":"ReadAction","target":["https:\/\/naluvalencia.com\/ita\/condizioni-di-prenotazione\/"]}]},{"@type":"BreadcrumbList","@id":"https:\/\/naluvalencia.com\/ita\/condizioni-di-prenotazione\/#breadcrumb","itemListElement":[{"@type":"ListItem","position":1,"name":"Portada","item":"https:\/\/naluvalencia.com\/ita\/"},{"@type":"ListItem","position":2,"name":"Condizioni di prenotazione"}]},{"@type":"WebSite","@id":"https:\/\/naluvalencia.com\/ita\/#website","url":"https:\/\/naluvalencia.com\/ita\/","name":"nalu ITA","description":"Valencia Boutique Rooms","publisher":{"@id":"https:\/\/naluvalencia.com\/ita\/#organization"},"potentialAction":[{"@type":"SearchAction","target":{"@type":"EntryPoint","urlTemplate":"https:\/\/naluvalencia.com\/ita\/?s={search_term_string}"},"query-input":{"@type":"PropertyValueSpecification","valueRequired":true,"valueName":"search_term_string"}}],"inLanguage":"es"},{"@type":"Organization","@id":"https:\/\/naluvalencia.com\/ita\/#organization","name":"nalu ITA","url":"https:\/\/naluvalencia.com\/ita\/","logo":{"@type":"ImageObject","inLanguage":"es","@id":"https:\/\/naluvalencia.com\/ita\/#\/schema\/logo\/image\/","url":"https:\/\/naluvalencia.com\/ita\/wp-content\/uploads\/sites\/6\/NALU-Logo-Blanco.webp","contentUrl":"https:\/\/naluvalencia.com\/ita\/wp-content\/uploads\/sites\/6\/NALU-Logo-Blanco.webp","width":400,"height":173,"caption":"nalu ITA"},"image":{"@id":"https:\/\/naluvalencia.com\/ita\/#\/schema\/logo\/image\/"}}]}},"_links":{"self":[{"href":"https:\/\/naluvalencia.com\/ita\/wp-json\/wp\/v2\/pages\/2125","targetHints":{"allow":["GET"]}}],"collection":[{"href":"https:\/\/naluvalencia.com\/ita\/wp-json\/wp\/v2\/pages"}],"about":[{"href":"https:\/\/naluvalencia.com\/ita\/wp-json\/wp\/v2\/types\/page"}],"author":[{"embeddable":true,"href":"https:\/\/naluvalencia.com\/ita\/wp-json\/wp\/v2\/users\/1"}],"replies":[{"embeddable":true,"href":"https:\/\/naluvalencia.com\/ita\/wp-json\/wp\/v2\/comments?post=2125"}],"version-history":[{"count":8,"href":"https:\/\/naluvalencia.com\/ita\/wp-json\/wp\/v2\/pages\/2125\/revisions"}],"predecessor-version":[{"id":2265,"href":"https:\/\/naluvalencia.com\/ita\/wp-json\/wp\/v2\/pages\/2125\/revisions\/2265"}],"wp:attachment":[{"href":"https:\/\/naluvalencia.com\/ita\/wp-json\/wp\/v2\/media?parent=2125"}],"curies":[{"name":"wp","href":"https:\/\/api.w.org\/{rel}","templated":true}]}}