{"id":1661,"date":"2024-05-31T15:00:25","date_gmt":"2024-05-31T15:00:25","guid":{"rendered":"https:\/\/naluvalencia.com\/nalu-empresas-2\/"},"modified":"2024-07-10T15:00:37","modified_gmt":"2024-07-10T15:00:37","slug":"ofertas-nalu-valencia","status":"publish","type":"page","link":"https:\/\/naluvalencia.com\/ita\/ofertas-nalu-valencia\/","title":{"rendered":"Ofertas Nalu Valencia"},"content":{"rendered":"\t\t<div data-elementor-type=\"wp-page\" data-elementor-id=\"1661\" class=\"elementor elementor-1661\" data-elementor-post-type=\"page\">\n\t\t\t\t<div class=\"elementor-element elementor-element-df525dc e-flex e-con-boxed elementor-invisible e-con e-parent\" data-id=\"df525dc\" data-element_type=\"container\" data-e-type=\"container\" data-settings=\"{&quot;background_background&quot;:&quot;classic&quot;,&quot;animation&quot;:&quot;fadeIn&quot;}\">\n\t\t\t\t\t<div class=\"e-con-inner\">\n\t\t<div class=\"elementor-element elementor-element-7b70d70 e-con-full e-flex e-con e-child\" data-id=\"7b70d70\" data-element_type=\"container\" data-e-type=\"container\">\n\t\t\t\t<div class=\"elementor-element elementor-element-a05d9c0 elementor-invisible elementor-widget elementor-widget-heading\" data-id=\"a05d9c0\" data-element_type=\"widget\" data-e-type=\"widget\" data-settings=\"{&quot;_animation&quot;:&quot;fadeInUp&quot;}\" data-widget_type=\"heading.default\">\n\t\t\t\t<div class=\"elementor-widget-container\">\n\t\t\t\t\t<h1 class=\"elementor-heading-title elementor-size-default\">Ofertas<b> Nalu<\/b>Valencia<\/h1>\t\t\t\t<\/div>\n\t\t\t\t<\/div>\n\t\t\t\t<\/div>\n\t\t\t\t\t<\/div>\n\t\t\t\t<\/div>\n\t\t<div class=\"elementor-element elementor-element-395c418 e-flex e-con-boxed e-con e-parent\" data-id=\"395c418\" data-element_type=\"container\" data-e-type=\"container\" data-settings=\"{&quot;background_background&quot;:&quot;classic&quot;}\">\n\t\t\t\t\t<div class=\"e-con-inner\">\n\t\t<div class=\"elementor-element elementor-element-98d2e3b e-con-full e-flex e-con e-child\" data-id=\"98d2e3b\" data-element_type=\"container\" data-e-type=\"container\">\n\t\t\t\t<div class=\"elementor-element elementor-element-d306ace elementor-invisible elementor-widget elementor-widget-heading\" data-id=\"d306ace\" data-element_type=\"widget\" data-e-type=\"widget\" data-settings=\"{&quot;_animation&quot;:&quot;fadeInUp&quot;}\" data-widget_type=\"heading.default\">\n\t\t\t\t<div class=\"elementor-widget-container\">\n\t\t\t\t\t<h2 class=\"elementor-heading-title elementor-size-default\">Disfruta de las ofertas Nalu<\/h2>\t\t\t\t<\/div>\n\t\t\t\t<\/div>\n\t\t\t\t<div class=\"elementor-element elementor-element-8974739 elementor-invisible elementor-widget elementor-widget-heading\" data-id=\"8974739\" data-element_type=\"widget\" data-e-type=\"widget\" data-settings=\"{&quot;_animation&quot;:&quot;fadeInUp&quot;}\" data-widget_type=\"heading.default\">\n\t\t\t\t<div class=\"elementor-widget-container\">\n\t\t\t\t\t<h2 class=\"elementor-heading-title elementor-size-default\">Ofertas dise\u00f1adas por <b>Nalu<\/b> Valencia para ofrecerte una experiencia memorable<\/b> en el coraz\u00f3n de Valencia<\/h2>\t\t\t\t<\/div>\n\t\t\t\t<\/div>\n\t\t\t\t<div class=\"elementor-element elementor-element-a00939d elementor-invisible elementor-widget elementor-widget-text-editor\" data-id=\"a00939d\" data-element_type=\"widget\" data-e-type=\"widget\" data-settings=\"{&quot;_animation&quot;:&quot;fadeInUp&quot;}\" data-widget_type=\"text-editor.default\">\n\t\t\t\t<div class=\"elementor-widget-container\">\n\t\t\t\t\t\t\t\t\t<p><strong>Nalu Valencia<\/strong> presenta una serie de ofertas exclusivas dise\u00f1adas para brindarte una experiencia inolvidable.<\/p><p>Reserva ahora y vive el lujo y la comodidad que solo nuestro hotel puede ofrecer.<\/p>\t\t\t\t\t\t\t\t<\/div>\n\t\t\t\t<\/div>\n\t\t\t\t<\/div>\n\t\t<div class=\"elementor-element elementor-element-8615ece e-con-full e-flex e-con e-child\" data-id=\"8615ece\" data-element_type=\"container\" data-e-type=\"container\">\n\t\t<div class=\"elementor-element elementor-element-d1be8cd e-con-full e-flex elementor-invisible e-con e-child\" data-id=\"d1be8cd\" data-element_type=\"container\" data-e-type=\"container\" data-settings=\"{&quot;background_background&quot;:&quot;classic&quot;,&quot;animation&quot;:&quot;fadeInUp&quot;}\">\n\t\t\t\t<div class=\"elementor-element elementor-element-df50a09 elementor-cta--skin-cover elementor-cta--valign-bottom elementor-animated-content elementor-bg-transform elementor-bg-transform-zoom-in elementor-widget elementor-widget-call-to-action\" data-id=\"df50a09\" data-element_type=\"widget\" data-e-type=\"widget\" data-widget_type=\"call-to-action.default\">\n\t\t\t\t<div class=\"elementor-widget-container\">\n\t\t\t\t\t\t\t<div class=\"elementor-cta\">\n\t\t\t\t\t<div class=\"elementor-cta__bg-wrapper\">\n\t\t\t\t<div class=\"elementor-cta__bg elementor-bg\" style=\"background-image: url(https:\/\/naluvalencia.com\/ita\/wp-content\/uploads\/sites\/6\/Pareja-Romantica-en-Nalu-Valencia-683x1024.webp);\" role=\"img\" aria-label=\"Pareja Rom\u00e1ntica en Nalu Valencia\"><\/div>\n\t\t\t\t<div class=\"elementor-cta__bg-overlay\"><\/div>\n\t\t\t<\/div>\n\t\t\t\t\t\t\t<div class=\"elementor-cta__content\">\n\t\t\t\t\n\t\t\t\t\t\t\t\t\t<h2 class=\"elementor-cta__title elementor-cta__content-item elementor-content-item elementor-animated-item--enter-from-bottom\">\n\t\t\t\t\t\tEscapada Rom\u00e1ntica\t\t\t\t\t<\/h2>\n\t\t\t\t\n\t\t\t\t\t\t\t\t\t<div class=\"elementor-cta__description elementor-cta__content-item elementor-content-item elementor-animated-item--enter-from-bottom\">\n\t\t\t\t\t\tDisfruta de una estancia rom\u00e1ntica con tu pareja en nuestras suites m\u00e1s elegantes.\t\t\t\t\t<\/div>\n\t\t\t\t\n\t\t\t\t\t\t\t\t\t<div class=\"elementor-cta__button-wrapper elementor-cta__content-item elementor-content-item elementor-animated-item--enter-from-bottom\">\n\t\t\t\t\t<a class=\"elementor-cta__button elementor-button elementor-size-\">\n\t\t\t\t\t\tVer oferta\t\t\t\t\t<\/a>\n\t\t\t\t\t<\/div>\n\t\t\t\t\t\t\t<\/div>\n\t\t\t\t\t\t<\/div>\n\t\t\t\t\t\t<\/div>\n\t\t\t\t<\/div>\n\t\t\t\t<\/div>\n\t\t<div class=\"elementor-element elementor-element-627131a e-con-full e-flex elementor-invisible e-con e-child\" data-id=\"627131a\" data-element_type=\"container\" data-e-type=\"container\" data-settings=\"{&quot;background_background&quot;:&quot;classic&quot;,&quot;animation&quot;:&quot;fadeInUp&quot;}\">\n\t\t\t\t<div class=\"elementor-element elementor-element-dac4b95 elementor-cta--skin-cover elementor-cta--valign-bottom elementor-animated-content elementor-bg-transform elementor-bg-transform-zoom-in elementor-widget elementor-widget-call-to-action\" data-id=\"dac4b95\" data-element_type=\"widget\" data-e-type=\"widget\" data-widget_type=\"call-to-action.default\">\n\t\t\t\t<div class=\"elementor-widget-container\">\n\t\t\t\t\t\t\t<div class=\"elementor-cta\">\n\t\t\t\t\t<div class=\"elementor-cta__bg-wrapper\">\n\t\t\t\t<div class=\"elementor-cta__bg elementor-bg\" style=\"background-image: url(https:\/\/naluvalencia.com\/ita\/wp-content\/uploads\/sites\/6\/Bono-Nalu-Valencia-fin-de-semana-cultural-683x1024.webp);\" role=\"img\" aria-label=\"Bono Nalu Valencia fin de semana cultural\"><\/div>\n\t\t\t\t<div class=\"elementor-cta__bg-overlay\"><\/div>\n\t\t\t<\/div>\n\t\t\t\t\t\t\t<div class=\"elementor-cta__content\">\n\t\t\t\t\n\t\t\t\t\t\t\t\t\t<h2 class=\"elementor-cta__title elementor-cta__content-item elementor-content-item elementor-animated-item--enter-from-bottom\">\n\t\t\t\t\t\tFin de semana cultural\t\t\t\t\t<\/h2>\n\t\t\t\t\n\t\t\t\t\t\t\t\t\t<div class=\"elementor-cta__description elementor-cta__content-item elementor-content-item elementor-animated-item--enter-from-bottom\">\n\t\t\t\t\t\tExplora la rica herencia cultural de Valencia con nuestro paquete especial. \t\t\t\t\t<\/div>\n\t\t\t\t\n\t\t\t\t\t\t\t\t\t<div class=\"elementor-cta__button-wrapper elementor-cta__content-item elementor-content-item elementor-animated-item--enter-from-bottom\">\n\t\t\t\t\t<a class=\"elementor-cta__button elementor-button elementor-size-\">\n\t\t\t\t\t\tVer oferta\t\t\t\t\t<\/a>\n\t\t\t\t\t<\/div>\n\t\t\t\t\t\t\t<\/div>\n\t\t\t\t\t\t<\/div>\n\t\t\t\t\t\t<\/div>\n\t\t\t\t<\/div>\n\t\t\t\t<\/div>\n\t\t<div class=\"elementor-element elementor-element-960b3bf e-con-full e-flex elementor-invisible e-con e-child\" data-id=\"960b3bf\" data-element_type=\"container\" data-e-type=\"container\" data-settings=\"{&quot;background_background&quot;:&quot;classic&quot;,&quot;animation&quot;:&quot;fadeInUp&quot;}\">\n\t\t\t\t<div class=\"elementor-element elementor-element-dc424ae elementor-cta--skin-cover elementor-cta--valign-bottom elementor-animated-content elementor-bg-transform elementor-bg-transform-zoom-in elementor-widget elementor-widget-call-to-action\" data-id=\"dc424ae\" data-element_type=\"widget\" data-e-type=\"widget\" data-widget_type=\"call-to-action.default\">\n\t\t\t\t<div class=\"elementor-widget-container\">\n\t\t\t\t\t\t\t<div class=\"elementor-cta\">\n\t\t\t\t\t<div class=\"elementor-cta__bg-wrapper\">\n\t\t\t\t<div class=\"elementor-cta__bg elementor-bg\" style=\"background-image: url(https:\/\/naluvalencia.com\/ita\/wp-content\/uploads\/sites\/6\/Nalu-Valencia-Boutique-Rooms-oferta-festivos-683x1024.webp);\" role=\"img\" aria-label=\"Nalu Valencia Boutique Rooms oferta festivos\"><\/div>\n\t\t\t\t<div class=\"elementor-cta__bg-overlay\"><\/div>\n\t\t\t<\/div>\n\t\t\t\t\t\t\t<div class=\"elementor-cta__content\">\n\t\t\t\t\n\t\t\t\t\t\t\t\t\t<h2 class=\"elementor-cta__title elementor-cta__content-item elementor-content-item elementor-animated-item--enter-from-bottom\">\n\t\t\t\t\t\tDescuento de Temporada\t\t\t\t\t<\/h2>\n\t\t\t\t\n\t\t\t\t\t\t\t\t\t<div class=\"elementor-cta__description elementor-cta__content-item elementor-content-item elementor-animated-item--enter-from-bottom\">\n\t\t\t\t\t\tReserva tu estancia con antelaci\u00f3n y aprovecha nuestros descuentos especiales de temporada. \t\t\t\t\t<\/div>\n\t\t\t\t\n\t\t\t\t\t\t\t\t\t<div class=\"elementor-cta__button-wrapper elementor-cta__content-item elementor-content-item elementor-animated-item--enter-from-bottom\">\n\t\t\t\t\t<a class=\"elementor-cta__button elementor-button elementor-size-\">\n\t\t\t\t\t\tVer oferta\t\t\t\t\t<\/a>\n\t\t\t\t\t<\/div>\n\t\t\t\t\t\t\t<\/div>\n\t\t\t\t\t\t<\/div>\n\t\t\t\t\t\t<\/div>\n\t\t\t\t<\/div>\n\t\t\t\t<\/div>\n\t\t\t\t<\/div>\n\t\t<div class=\"elementor-element elementor-element-542ed9a e-con-full e-flex e-con e-child\" data-id=\"542ed9a\" data-element_type=\"container\" data-e-type=\"container\">\n\t\t<div class=\"elementor-element elementor-element-d177a38 e-con-full e-flex elementor-invisible e-con e-child\" data-id=\"d177a38\" data-element_type=\"container\" data-e-type=\"container\" data-settings=\"{&quot;background_background&quot;:&quot;classic&quot;,&quot;animation&quot;:&quot;fadeInUp&quot;}\">\n\t\t\t\t<div class=\"elementor-element elementor-element-2fcf6e6 elementor-cta--skin-cover elementor-cta--valign-bottom elementor-animated-content elementor-bg-transform elementor-bg-transform-zoom-in elementor-widget elementor-widget-call-to-action\" data-id=\"2fcf6e6\" data-element_type=\"widget\" data-e-type=\"widget\" data-widget_type=\"call-to-action.default\">\n\t\t\t\t<div class=\"elementor-widget-container\">\n\t\t\t\t\t\t\t<div class=\"elementor-cta\">\n\t\t\t\t\t<div class=\"elementor-cta__bg-wrapper\">\n\t\t\t\t<div class=\"elementor-cta__bg elementor-bg\" style=\"background-image: url(https:\/\/naluvalencia.com\/ita\/wp-content\/uploads\/sites\/6\/Nalu-Valencia-Boutique-Rooms-oferta-grupos-683x1024.webp);\" role=\"img\" aria-label=\"Nalu Valencia Boutique Rooms oferta grupos\"><\/div>\n\t\t\t\t<div class=\"elementor-cta__bg-overlay\"><\/div>\n\t\t\t<\/div>\n\t\t\t\t\t\t\t<div class=\"elementor-cta__content\">\n\t\t\t\t\n\t\t\t\t\t\t\t\t\t<h2 class=\"elementor-cta__title elementor-cta__content-item elementor-content-item elementor-animated-item--enter-from-bottom\">\n\t\t\t\t\t\tPaquete para grupos o familias\t\t\t\t\t<\/h2>\n\t\t\t\t\n\t\t\t\t\t\t\t\t\t<div class=\"elementor-cta__description elementor-cta__content-item elementor-content-item elementor-animated-item--enter-from-bottom\">\n\t\t\t\t\t\tPensado para que toda la familia disfrute, este paquete incluye alojamiento en nuestras amplias habitaciones familiares\t\t\t\t\t<\/div>\n\t\t\t\t\n\t\t\t\t\t\t\t\t\t<div class=\"elementor-cta__button-wrapper elementor-cta__content-item elementor-content-item elementor-animated-item--enter-from-bottom\">\n\t\t\t\t\t<a class=\"elementor-cta__button elementor-button elementor-size-\">\n\t\t\t\t\t\tVer oferta\t\t\t\t\t<\/a>\n\t\t\t\t\t<\/div>\n\t\t\t\t\t\t\t<\/div>\n\t\t\t\t\t\t<\/div>\n\t\t\t\t\t\t<\/div>\n\t\t\t\t<\/div>\n\t\t\t\t<\/div>\n\t\t<div class=\"elementor-element elementor-element-7210f47 e-con-full e-flex elementor-invisible e-con e-child\" data-id=\"7210f47\" data-element_type=\"container\" data-e-type=\"container\" data-settings=\"{&quot;background_background&quot;:&quot;classic&quot;,&quot;animation&quot;:&quot;fadeInUp&quot;}\">\n\t\t\t\t<div class=\"elementor-element elementor-element-7ed2f04 elementor-cta--skin-cover elementor-cta--valign-bottom elementor-animated-content elementor-bg-transform elementor-bg-transform-zoom-in elementor-widget elementor-widget-call-to-action\" data-id=\"7ed2f04\" data-element_type=\"widget\" data-e-type=\"widget\" data-widget_type=\"call-to-action.default\">\n\t\t\t\t<div class=\"elementor-widget-container\">\n\t\t\t\t\t\t\t<div class=\"elementor-cta\">\n\t\t\t\t\t<div class=\"elementor-cta__bg-wrapper\">\n\t\t\t\t<div class=\"elementor-cta__bg elementor-bg\" style=\"background-image: url(https:\/\/naluvalencia.com\/ita\/wp-content\/uploads\/sites\/6\/Bono-Nalu-Valencia-empresas-683x1024.webp);\" role=\"img\" aria-label=\"Bono Nalu Valencia empresas\"><\/div>\n\t\t\t\t<div class=\"elementor-cta__bg-overlay\"><\/div>\n\t\t\t<\/div>\n\t\t\t\t\t\t\t<div class=\"elementor-cta__content\">\n\t\t\t\t\n\t\t\t\t\t\t\t\t\t<h2 class=\"elementor-cta__title elementor-cta__content-item elementor-content-item elementor-animated-item--enter-from-bottom\">\n\t\t\t\t\t\tOferta especial empresas\t\t\t\t\t<\/h2>\n\t\t\t\t\n\t\t\t\t\t\t\t\t\t<div class=\"elementor-cta__description elementor-cta__content-item elementor-content-item elementor-animated-item--enter-from-bottom\">\n\t\t\t\t\t\tPara las empresas que requieren estancias prolongadas, ofrecemos tarifas corporativas exclusivas.\t\t\t\t\t<\/div>\n\t\t\t\t\n\t\t\t\t\t\t\t\t\t<div class=\"elementor-cta__button-wrapper elementor-cta__content-item elementor-content-item elementor-animated-item--enter-from-bottom\">\n\t\t\t\t\t<a class=\"elementor-cta__button elementor-button elementor-size-\">\n\t\t\t\t\t\tVer oferta\t\t\t\t\t<\/a>\n\t\t\t\t\t<\/div>\n\t\t\t\t\t\t\t<\/div>\n\t\t\t\t\t\t<\/div>\n\t\t\t\t\t\t<\/div>\n\t\t\t\t<\/div>\n\t\t\t\t<\/div>\n\t\t<div class=\"elementor-element elementor-element-50e936b e-con-full e-flex elementor-invisible e-con e-child\" data-id=\"50e936b\" data-element_type=\"container\" data-e-type=\"container\" data-settings=\"{&quot;background_background&quot;:&quot;classic&quot;,&quot;animation&quot;:&quot;fadeInUp&quot;}\">\n\t\t\t\t<div class=\"elementor-element elementor-element-643e7a9 elementor-cta--skin-cover elementor-cta--valign-bottom elementor-animated-content elementor-bg-transform elementor-bg-transform-zoom-in elementor-widget elementor-widget-call-to-action\" data-id=\"643e7a9\" data-element_type=\"widget\" data-e-type=\"widget\" data-widget_type=\"call-to-action.default\">\n\t\t\t\t<div class=\"elementor-widget-container\">\n\t\t\t\t\t\t\t<div class=\"elementor-cta\">\n\t\t\t\t\t<div class=\"elementor-cta__bg-wrapper\">\n\t\t\t\t<div class=\"elementor-cta__bg elementor-bg\" style=\"background-image: url(https:\/\/naluvalencia.com\/ita\/wp-content\/uploads\/sites\/6\/Bono-Nalu-Valencia-largas-estancias-683x1024.webp);\" role=\"img\" aria-label=\"Bono Nalu Valencia largas estancias\"><\/div>\n\t\t\t\t<div class=\"elementor-cta__bg-overlay\"><\/div>\n\t\t\t<\/div>\n\t\t\t\t\t\t\t<div class=\"elementor-cta__content\">\n\t\t\t\t\n\t\t\t\t\t\t\t\t\t<h2 class=\"elementor-cta__title elementor-cta__content-item elementor-content-item elementor-animated-item--enter-from-bottom\">\n\t\t\t\t\t\tDescuento por oferta prolongada\t\t\t\t\t<\/h2>\n\t\t\t\t\n\t\t\t\t\t\t\t\t\t<div class=\"elementor-cta__description elementor-cta__content-item elementor-content-item elementor-animated-item--enter-from-bottom\">\n\t\t\t\t\t\tDisfruta de descuentos al reservar 3 noches o m\u00e1s. Perfecto para explorar la riqueza cultural y gastron\u00f3mica de Valencia con m\u00e1s tranquilidad.\t\t\t\t\t<\/div>\n\t\t\t\t\n\t\t\t\t\t\t\t\t\t<div class=\"elementor-cta__button-wrapper elementor-cta__content-item elementor-content-item elementor-animated-item--enter-from-bottom\">\n\t\t\t\t\t<a class=\"elementor-cta__button elementor-button elementor-size-\">\n\t\t\t\t\t\tVer oferta\t\t\t\t\t<\/a>\n\t\t\t\t\t<\/div>\n\t\t\t\t\t\t\t<\/div>\n\t\t\t\t\t\t<\/div>\n\t\t\t\t\t\t<\/div>\n\t\t\t\t<\/div>\n\t\t\t\t<\/div>\n\t\t\t\t<\/div>\n\t\t\t\t\t<\/div>\n\t\t\t\t<\/div>\n\t\t\t\t<\/div>\n\t\t","protected":false},"excerpt":{"rendered":"<p>Ofertas NaluValencia Disfruta de las ofertas Nalu Ofertas dise\u00f1adas por Nalu Valencia para ofrecerte una experiencia memorable en el coraz\u00f3n de Valencia Nalu Valencia presenta una serie de ofertas exclusivas dise\u00f1adas para brindarte una experiencia inolvidable. Reserva ahora y vive el lujo y la comodidad que solo nuestro hotel puede ofrecer. Escapada Rom\u00e1ntica Disfruta de [&hellip;]<\/p>\n","protected":false},"author":1,"featured_media":0,"parent":0,"menu_order":0,"comment_status":"closed","ping_status":"closed","template":"elementor_header_footer","meta":{"_acf_changed":false,"footnotes":""},"class_list":["post-1661","page","type-page","status-publish","hentry"],"acf":[],"yoast_head":"<!-- This site is optimized with the Yoast SEO plugin v27.4 - https:\/\/yoast.com\/product\/yoast-seo-wordpress\/ -->\n<title>Ofertas Nalu Valencia - nalu ITA<\/title>\n<meta name=\"robots\" content=\"index, follow, max-snippet:-1, max-image-preview:large, max-video-preview:-1\" \/>\n<link rel=\"canonical\" href=\"https:\/\/naluvalencia.com\/ita\/ofertas-nalu-valencia\/\" \/>\n<meta property=\"og:locale\" content=\"es_ES\" \/>\n<meta property=\"og:type\" content=\"article\" \/>\n<meta property=\"og:title\" content=\"Ofertas Nalu Valencia - nalu ITA\" \/>\n<meta property=\"og:description\" content=\"Ofertas NaluValencia Disfruta de las ofertas Nalu Ofertas dise\u00f1adas por Nalu Valencia para ofrecerte una experiencia memorable en el coraz\u00f3n de Valencia Nalu Valencia presenta una serie de ofertas exclusivas dise\u00f1adas para brindarte una experiencia inolvidable. Reserva ahora y vive el lujo y la comodidad que solo nuestro hotel puede ofrecer. Escapada Rom\u00e1ntica Disfruta de [&hellip;]\" \/>\n<meta property=\"og:url\" content=\"https:\/\/naluvalencia.com\/ita\/ofertas-nalu-valencia\/\" \/>\n<meta property=\"og:site_name\" content=\"nalu ITA\" \/>\n<meta property=\"article:modified_time\" content=\"2024-07-10T15:00:37+00:00\" \/>\n<meta name=\"twitter:card\" content=\"summary_large_image\" \/>\n<meta name=\"twitter:label1\" content=\"Tiempo de lectura\" \/>\n\t<meta name=\"twitter:data1\" content=\"1 minuto\" \/>\n<script type=\"application\/ld+json\" class=\"yoast-schema-graph\">{\"@context\":\"https:\\\/\\\/schema.org\",\"@graph\":[{\"@type\":\"WebPage\",\"@id\":\"https:\\\/\\\/naluvalencia.com\\\/ita\\\/ofertas-nalu-valencia\\\/\",\"url\":\"https:\\\/\\\/naluvalencia.com\\\/ita\\\/ofertas-nalu-valencia\\\/\",\"name\":\"Ofertas Nalu Valencia - nalu ITA\",\"isPartOf\":{\"@id\":\"https:\\\/\\\/naluvalencia.com\\\/ita\\\/#website\"},\"datePublished\":\"2024-05-31T15:00:25+00:00\",\"dateModified\":\"2024-07-10T15:00:37+00:00\",\"breadcrumb\":{\"@id\":\"https:\\\/\\\/naluvalencia.com\\\/ita\\\/ofertas-nalu-valencia\\\/#breadcrumb\"},\"inLanguage\":\"es\",\"potentialAction\":[{\"@type\":\"ReadAction\",\"target\":[\"https:\\\/\\\/naluvalencia.com\\\/ita\\\/ofertas-nalu-valencia\\\/\"]}]},{\"@type\":\"BreadcrumbList\",\"@id\":\"https:\\\/\\\/naluvalencia.com\\\/ita\\\/ofertas-nalu-valencia\\\/#breadcrumb\",\"itemListElement\":[{\"@type\":\"ListItem\",\"position\":1,\"name\":\"Portada\",\"item\":\"https:\\\/\\\/naluvalencia.com\\\/ita\\\/\"},{\"@type\":\"ListItem\",\"position\":2,\"name\":\"Ofertas Nalu Valencia\"}]},{\"@type\":\"WebSite\",\"@id\":\"https:\\\/\\\/naluvalencia.com\\\/ita\\\/#website\",\"url\":\"https:\\\/\\\/naluvalencia.com\\\/ita\\\/\",\"name\":\"nalu ITA\",\"description\":\"Valencia Boutique Rooms\",\"publisher\":{\"@id\":\"https:\\\/\\\/naluvalencia.com\\\/ita\\\/#organization\"},\"potentialAction\":[{\"@type\":\"SearchAction\",\"target\":{\"@type\":\"EntryPoint\",\"urlTemplate\":\"https:\\\/\\\/naluvalencia.com\\\/ita\\\/?s={search_term_string}\"},\"query-input\":{\"@type\":\"PropertyValueSpecification\",\"valueRequired\":true,\"valueName\":\"search_term_string\"}}],\"inLanguage\":\"es\"},{\"@type\":\"Organization\",\"@id\":\"https:\\\/\\\/naluvalencia.com\\\/ita\\\/#organization\",\"name\":\"nalu ITA\",\"url\":\"https:\\\/\\\/naluvalencia.com\\\/ita\\\/\",\"logo\":{\"@type\":\"ImageObject\",\"inLanguage\":\"es\",\"@id\":\"https:\\\/\\\/naluvalencia.com\\\/ita\\\/#\\\/schema\\\/logo\\\/image\\\/\",\"url\":\"https:\\\/\\\/naluvalencia.com\\\/ita\\\/wp-content\\\/uploads\\\/sites\\\/6\\\/NALU-Logo-Blanco.webp\",\"contentUrl\":\"https:\\\/\\\/naluvalencia.com\\\/ita\\\/wp-content\\\/uploads\\\/sites\\\/6\\\/NALU-Logo-Blanco.webp\",\"width\":400,\"height\":173,\"caption\":\"nalu ITA\"},\"image\":{\"@id\":\"https:\\\/\\\/naluvalencia.com\\\/ita\\\/#\\\/schema\\\/logo\\\/image\\\/\"}}]}<\/script>\n<!-- \/ Yoast SEO plugin. -->","yoast_head_json":{"title":"Ofertas Nalu Valencia - nalu ITA","robots":{"index":"index","follow":"follow","max-snippet":"max-snippet:-1","max-image-preview":"max-image-preview:large","max-video-preview":"max-video-preview:-1"},"canonical":"https:\/\/naluvalencia.com\/ita\/ofertas-nalu-valencia\/","og_locale":"es_ES","og_type":"article","og_title":"Ofertas Nalu Valencia - nalu ITA","og_description":"Ofertas NaluValencia Disfruta de las ofertas Nalu Ofertas dise\u00f1adas por Nalu Valencia para ofrecerte una experiencia memorable en el coraz\u00f3n de Valencia Nalu Valencia presenta una serie de ofertas exclusivas dise\u00f1adas para brindarte una experiencia inolvidable. Reserva ahora y vive el lujo y la comodidad que solo nuestro hotel puede ofrecer. Escapada Rom\u00e1ntica Disfruta de [&hellip;]","og_url":"https:\/\/naluvalencia.com\/ita\/ofertas-nalu-valencia\/","og_site_name":"nalu ITA","article_modified_time":"2024-07-10T15:00:37+00:00","twitter_card":"summary_large_image","twitter_misc":{"Tiempo de lectura":"1 minuto"},"schema":{"@context":"https:\/\/schema.org","@graph":[{"@type":"WebPage","@id":"https:\/\/naluvalencia.com\/ita\/ofertas-nalu-valencia\/","url":"https:\/\/naluvalencia.com\/ita\/ofertas-nalu-valencia\/","name":"Ofertas Nalu Valencia - nalu ITA","isPartOf":{"@id":"https:\/\/naluvalencia.com\/ita\/#website"},"datePublished":"2024-05-31T15:00:25+00:00","dateModified":"2024-07-10T15:00:37+00:00","breadcrumb":{"@id":"https:\/\/naluvalencia.com\/ita\/ofertas-nalu-valencia\/#breadcrumb"},"inLanguage":"es","potentialAction":[{"@type":"ReadAction","target":["https:\/\/naluvalencia.com\/ita\/ofertas-nalu-valencia\/"]}]},{"@type":"BreadcrumbList","@id":"https:\/\/naluvalencia.com\/ita\/ofertas-nalu-valencia\/#breadcrumb","itemListElement":[{"@type":"ListItem","position":1,"name":"Portada","item":"https:\/\/naluvalencia.com\/ita\/"},{"@type":"ListItem","position":2,"name":"Ofertas Nalu Valencia"}]},{"@type":"WebSite","@id":"https:\/\/naluvalencia.com\/ita\/#website","url":"https:\/\/naluvalencia.com\/ita\/","name":"nalu ITA","description":"Valencia Boutique Rooms","publisher":{"@id":"https:\/\/naluvalencia.com\/ita\/#organization"},"potentialAction":[{"@type":"SearchAction","target":{"@type":"EntryPoint","urlTemplate":"https:\/\/naluvalencia.com\/ita\/?s={search_term_string}"},"query-input":{"@type":"PropertyValueSpecification","valueRequired":true,"valueName":"search_term_string"}}],"inLanguage":"es"},{"@type":"Organization","@id":"https:\/\/naluvalencia.com\/ita\/#organization","name":"nalu ITA","url":"https:\/\/naluvalencia.com\/ita\/","logo":{"@type":"ImageObject","inLanguage":"es","@id":"https:\/\/naluvalencia.com\/ita\/#\/schema\/logo\/image\/","url":"https:\/\/naluvalencia.com\/ita\/wp-content\/uploads\/sites\/6\/NALU-Logo-Blanco.webp","contentUrl":"https:\/\/naluvalencia.com\/ita\/wp-content\/uploads\/sites\/6\/NALU-Logo-Blanco.webp","width":400,"height":173,"caption":"nalu ITA"},"image":{"@id":"https:\/\/naluvalencia.com\/ita\/#\/schema\/logo\/image\/"}}]}},"_links":{"self":[{"href":"https:\/\/naluvalencia.com\/ita\/wp-json\/wp\/v2\/pages\/1661","targetHints":{"allow":["GET"]}}],"collection":[{"href":"https:\/\/naluvalencia.com\/ita\/wp-json\/wp\/v2\/pages"}],"about":[{"href":"https:\/\/naluvalencia.com\/ita\/wp-json\/wp\/v2\/types\/page"}],"author":[{"embeddable":true,"href":"https:\/\/naluvalencia.com\/ita\/wp-json\/wp\/v2\/users\/1"}],"replies":[{"embeddable":true,"href":"https:\/\/naluvalencia.com\/ita\/wp-json\/wp\/v2\/comments?post=1661"}],"version-history":[{"count":58,"href":"https:\/\/naluvalencia.com\/ita\/wp-json\/wp\/v2\/pages\/1661\/revisions"}],"predecessor-version":[{"id":1919,"href":"https:\/\/naluvalencia.com\/ita\/wp-json\/wp\/v2\/pages\/1661\/revisions\/1919"}],"wp:attachment":[{"href":"https:\/\/naluvalencia.com\/ita\/wp-json\/wp\/v2\/media?parent=1661"}],"curies":[{"name":"wp","href":"https:\/\/api.w.org\/{rel}","templated":true}]}}