{"id":1482,"date":"2024-05-31T15:00:25","date_gmt":"2024-05-31T15:00:25","guid":{"rendered":"https:\/\/naluvalencia.com\/hotel-en-valencia-2\/"},"modified":"2024-07-10T14:57:56","modified_gmt":"2024-07-10T14:57:56","slug":"nalu-empresas","status":"publish","type":"page","link":"https:\/\/naluvalencia.com\/en\/nalu-empresas\/","title":{"rendered":"Nalu empresas"},"content":{"rendered":"\t\t<div data-elementor-type=\"wp-page\" data-elementor-id=\"1482\" class=\"elementor elementor-1482\" data-elementor-post-type=\"page\">\n\t\t\t\t<div class=\"elementor-element elementor-element-df525dc e-flex e-con-boxed elementor-invisible e-con e-parent\" data-id=\"df525dc\" data-element_type=\"container\" data-e-type=\"container\" data-settings=\"{&quot;background_background&quot;:&quot;classic&quot;,&quot;animation&quot;:&quot;fadeIn&quot;}\">\n\t\t\t\t\t<div class=\"e-con-inner\">\n\t\t<div class=\"elementor-element elementor-element-7b70d70 e-con-full e-flex e-con e-child\" data-id=\"7b70d70\" data-element_type=\"container\" data-e-type=\"container\">\n\t\t\t\t<div class=\"elementor-element elementor-element-a05d9c0 elementor-invisible elementor-widget elementor-widget-heading\" data-id=\"a05d9c0\" data-element_type=\"widget\" data-e-type=\"widget\" data-settings=\"{&quot;_animation&quot;:&quot;fadeInUp&quot;}\" data-widget_type=\"heading.default\">\n\t\t\t\t<div class=\"elementor-widget-container\">\n\t\t\t\t\t<h1 class=\"elementor-heading-title elementor-size-default\"><b>Nalu<\/b> Valencia Empresas<\/h1>\t\t\t\t<\/div>\n\t\t\t\t<\/div>\n\t\t\t\t<\/div>\n\t\t\t\t\t<\/div>\n\t\t\t\t<\/div>\n\t\t<div class=\"elementor-element elementor-element-395c418 e-flex e-con-boxed e-con e-parent\" data-id=\"395c418\" data-element_type=\"container\" data-e-type=\"container\" data-settings=\"{&quot;background_background&quot;:&quot;classic&quot;}\">\n\t\t\t\t\t<div class=\"e-con-inner\">\n\t\t<div class=\"elementor-element elementor-element-98d2e3b e-con-full e-flex e-con e-child\" data-id=\"98d2e3b\" data-element_type=\"container\" data-e-type=\"container\">\n\t\t\t\t<div class=\"elementor-element elementor-element-d306ace elementor-invisible elementor-widget elementor-widget-heading\" data-id=\"d306ace\" data-element_type=\"widget\" data-e-type=\"widget\" data-settings=\"{&quot;_animation&quot;:&quot;fadeInUp&quot;}\" data-widget_type=\"heading.default\">\n\t\t\t\t<div class=\"elementor-widget-container\">\n\t\t\t\t\t<h3 class=\"elementor-heading-title elementor-size-default\">La elecci\u00f3n perfecta en un hotel de primera clase<\/h3>\t\t\t\t<\/div>\n\t\t\t\t<\/div>\n\t\t\t\t<div class=\"elementor-element elementor-element-8974739 elementor-invisible elementor-widget elementor-widget-heading\" data-id=\"8974739\" data-element_type=\"widget\" data-e-type=\"widget\" data-settings=\"{&quot;_animation&quot;:&quot;fadeInUp&quot;}\" data-widget_type=\"heading.default\">\n\t\t\t\t<div class=\"elementor-widget-container\">\n\t\t\t\t\t<h2 class=\"elementor-heading-title elementor-size-default\">Ven con tu empresa a <b>Nalu<\/b><\/h2>\t\t\t\t<\/div>\n\t\t\t\t<\/div>\n\t\t\t\t<div class=\"elementor-element elementor-element-a00939d elementor-invisible elementor-widget elementor-widget-text-editor\" data-id=\"a00939d\" data-element_type=\"widget\" data-e-type=\"widget\" data-settings=\"{&quot;_animation&quot;:&quot;fadeInUp&quot;}\" data-widget_type=\"text-editor.default\">\n\t\t\t\t<div class=\"elementor-widget-container\">\n\t\t\t\t\t\t\t\t\t<p>El <strong>Hotel Nalu Valencia<\/strong> no solo proporciona un entorno sofisticado, sino tambi\u00e9n todas las facilidades necesarias para garantizar el \u00e9xito de tu evento empresarial.<\/p>\t\t\t\t\t\t\t\t<\/div>\n\t\t\t\t<\/div>\n\t\t\t\t<\/div>\n\t\t\t\t\t<\/div>\n\t\t\t\t<\/div>\n\t\t<div class=\"elementor-element elementor-element-4c44cf8 e-flex e-con-boxed elementor-invisible e-con e-parent\" data-id=\"4c44cf8\" data-element_type=\"container\" data-e-type=\"container\" data-settings=\"{&quot;background_background&quot;:&quot;classic&quot;,&quot;animation&quot;:&quot;fadeIn&quot;}\">\n\t\t\t\t\t<div class=\"e-con-inner\">\n\t\t\t\t<div class=\"elementor-element elementor-element-cfb8b4e elementor-widget elementor-widget-heading\" data-id=\"cfb8b4e\" data-element_type=\"widget\" data-e-type=\"widget\" data-widget_type=\"heading.default\">\n\t\t\t\t<div class=\"elementor-widget-container\">\n\t\t\t\t\t<h2 class=\"elementor-heading-title elementor-size-default\">Descuentos especiales para empresas<\/h2>\t\t\t\t<\/div>\n\t\t\t\t<\/div>\n\t\t\t\t<div class=\"elementor-element elementor-element-41afc4f elementor-align-center elementor-widget elementor-widget-button\" data-id=\"41afc4f\" data-element_type=\"widget\" data-e-type=\"widget\" data-widget_type=\"button.default\">\n\t\t\t\t<div class=\"elementor-widget-container\">\n\t\t\t\t\t\t\t\t\t<div class=\"elementor-button-wrapper\">\n\t\t\t\t\t<a class=\"elementor-button elementor-button-link elementor-size-sm\" href=\"https:\/\/naluvalencia.com\/contacto\/\" target=\"_blank\">\n\t\t\t\t\t\t<span class=\"elementor-button-content-wrapper\">\n\t\t\t\t\t\t\t\t\t<span class=\"elementor-button-text\">Contacta con Nalu<\/span>\n\t\t\t\t\t<\/span>\n\t\t\t\t\t<\/a>\n\t\t\t\t<\/div>\n\t\t\t\t\t\t\t\t<\/div>\n\t\t\t\t<\/div>\n\t\t\t\t\t<\/div>\n\t\t\t\t<\/div>\n\t\t<div class=\"elementor-element elementor-element-a1bb89c e-flex e-con-boxed e-con e-parent\" data-id=\"a1bb89c\" data-element_type=\"container\" data-e-type=\"container\" data-settings=\"{&quot;background_background&quot;:&quot;classic&quot;}\">\n\t\t\t\t\t<div class=\"e-con-inner\">\n\t\t<div class=\"elementor-element elementor-element-ecb9c7f e-flex e-con-boxed e-con e-child\" data-id=\"ecb9c7f\" data-element_type=\"container\" data-e-type=\"container\">\n\t\t\t\t\t<div class=\"e-con-inner\">\n\t\t<div class=\"elementor-element elementor-element-6d2a9ad e-con-full e-flex e-con e-child\" data-id=\"6d2a9ad\" data-element_type=\"container\" data-e-type=\"container\">\n\t\t\t\t<div class=\"elementor-element elementor-element-34284d6 elementor-invisible elementor-widget elementor-widget-image\" data-id=\"34284d6\" data-element_type=\"widget\" data-e-type=\"widget\" data-settings=\"{&quot;_animation&quot;:&quot;fadeInUp&quot;}\" data-widget_type=\"image.default\">\n\t\t\t\t<div class=\"elementor-widget-container\">\n\t\t\t\t\t\t\t\t\t\t\t\t\t\t\t<img fetchpriority=\"high\" decoding=\"async\" width=\"912\" height=\"1280\" src=\"https:\/\/naluvalencia.com\/en\/wp-content\/uploads\/sites\/5\/Plaz-del-ayuntamiento-de-Valencia-de-noche.webp\" class=\"attachment-full size-full wp-image-1491\" alt=\"Plaz del ayuntamiento de Valencia de noche\" srcset=\"https:\/\/naluvalencia.com\/en\/wp-content\/uploads\/sites\/5\/Plaz-del-ayuntamiento-de-Valencia-de-noche.webp 912w, https:\/\/naluvalencia.com\/en\/wp-content\/uploads\/sites\/5\/Plaz-del-ayuntamiento-de-Valencia-de-noche-214x300.webp 214w, https:\/\/naluvalencia.com\/en\/wp-content\/uploads\/sites\/5\/Plaz-del-ayuntamiento-de-Valencia-de-noche-730x1024.webp 730w, https:\/\/naluvalencia.com\/en\/wp-content\/uploads\/sites\/5\/Plaz-del-ayuntamiento-de-Valencia-de-noche-768x1078.webp 768w\" sizes=\"(max-width: 912px) 100vw, 912px\" \/>\t\t\t\t\t\t\t\t\t\t\t\t\t\t\t<\/div>\n\t\t\t\t<\/div>\n\t\t\t\t<\/div>\n\t\t<div class=\"elementor-element elementor-element-3f2132c e-con-full e-flex e-con e-child\" data-id=\"3f2132c\" data-element_type=\"container\" data-e-type=\"container\">\n\t\t\t\t<div class=\"elementor-element elementor-element-0cb44e0 elementor-invisible elementor-widget elementor-widget-heading\" data-id=\"0cb44e0\" data-element_type=\"widget\" data-e-type=\"widget\" data-settings=\"{&quot;_animation&quot;:&quot;fadeInUp&quot;}\" data-widget_type=\"heading.default\">\n\t\t\t\t<div class=\"elementor-widget-container\">\n\t\t\t\t\t<h2 class=\"elementor-heading-title elementor-size-default\">Contamos con una ubicaci\u00f3n privilegiada<\/h2>\t\t\t\t<\/div>\n\t\t\t\t<\/div>\n\t\t\t\t<div class=\"elementor-element elementor-element-ef1253b elementor-invisible elementor-widget elementor-widget-text-editor\" data-id=\"ef1253b\" data-element_type=\"widget\" data-e-type=\"widget\" data-settings=\"{&quot;_animation&quot;:&quot;fadeInUp&quot;}\" data-widget_type=\"text-editor.default\">\n\t\t\t\t<div class=\"elementor-widget-container\">\n\t\t\t\t\t\t\t\t\t<p style=\"text-align: justify;\">Valencia se destaca por su excelente conectividad. Con un aeropuerto internacional cercano y una infraestructura de transporte eficiente, llegar a la ciudad es sencillo desde cualquier parte del mundo. Un hotel bien situado permite un acceso f\u00e1cil tanto para los asistentes locales como para los internacionales, asegurando una alta participaci\u00f3n y conveniencia.<\/p>\t\t\t\t\t\t\t\t<\/div>\n\t\t\t\t<\/div>\n\t\t\t\t<\/div>\n\t\t\t\t\t<\/div>\n\t\t\t\t<\/div>\n\t\t<div class=\"elementor-element elementor-element-6feb331 e-con-full e-flex e-con e-child\" data-id=\"6feb331\" data-element_type=\"container\" data-e-type=\"container\">\n\t\t<div class=\"elementor-element elementor-element-f7181ee e-con-full e-flex e-con e-child\" data-id=\"f7181ee\" data-element_type=\"container\" data-e-type=\"container\">\n\t\t\t\t<div class=\"elementor-element elementor-element-7dcbefc elementor-invisible elementor-widget elementor-widget-heading\" data-id=\"7dcbefc\" data-element_type=\"widget\" data-e-type=\"widget\" data-settings=\"{&quot;_animation&quot;:&quot;fadeInUp&quot;}\" data-widget_type=\"heading.default\">\n\t\t\t\t<div class=\"elementor-widget-container\">\n\t\t\t\t\t<h2 class=\"elementor-heading-title elementor-size-default\">Instalaciones de primer nivel<\/h2>\t\t\t\t<\/div>\n\t\t\t\t<\/div>\n\t\t\t\t<div class=\"elementor-element elementor-element-14bead3 elementor-invisible elementor-widget elementor-widget-text-editor\" data-id=\"14bead3\" data-element_type=\"widget\" data-e-type=\"widget\" data-settings=\"{&quot;_animation&quot;:&quot;fadeInUp&quot;}\" data-widget_type=\"text-editor.default\">\n\t\t\t\t<div class=\"elementor-widget-container\">\n\t\t\t\t\t\t\t\t\t<p style=\"text-align: justify;\">El Hotel Nalu Valencia est\u00e1 equipado con instalaciones modernas y vers\u00e1tiles que pueden adaptarse a una amplia variedad de eventos corporativos, desde conferencias y seminarios hasta lanzamientos de productos y reuniones de equipo.<\/p><p style=\"text-align: justify;\">El equipo del hotel trabaja en estrecha colaboraci\u00f3n con su empresa para entender sus necesidades espec\u00edficas y personalizar cada detalle.<\/p>\t\t\t\t\t\t\t\t<\/div>\n\t\t\t\t<\/div>\n\t\t\t\t<\/div>\n\t\t<div class=\"elementor-element elementor-element-329c66b e-con-full e-flex e-con e-child\" data-id=\"329c66b\" data-element_type=\"container\" data-e-type=\"container\">\n\t\t\t\t<div class=\"elementor-element elementor-element-16c0786 elementor-invisible elementor-widget elementor-widget-image\" data-id=\"16c0786\" data-element_type=\"widget\" data-e-type=\"widget\" data-settings=\"{&quot;_animation&quot;:&quot;fadeInUp&quot;}\" data-widget_type=\"image.default\">\n\t\t\t\t<div class=\"elementor-widget-container\">\n\t\t\t\t\t\t\t\t\t\t\t\t\t\t\t<img decoding=\"async\" width=\"912\" height=\"1280\" src=\"https:\/\/naluvalencia.com\/en\/wp-content\/uploads\/sites\/5\/Nalu-empresas-instalaciones.webp\" class=\"attachment-full size-full wp-image-1497\" alt=\"Nalu empresas instalaciones\" srcset=\"https:\/\/naluvalencia.com\/en\/wp-content\/uploads\/sites\/5\/Nalu-empresas-instalaciones.webp 912w, https:\/\/naluvalencia.com\/en\/wp-content\/uploads\/sites\/5\/Nalu-empresas-instalaciones-214x300.webp 214w, https:\/\/naluvalencia.com\/en\/wp-content\/uploads\/sites\/5\/Nalu-empresas-instalaciones-730x1024.webp 730w, https:\/\/naluvalencia.com\/en\/wp-content\/uploads\/sites\/5\/Nalu-empresas-instalaciones-768x1078.webp 768w\" sizes=\"(max-width: 912px) 100vw, 912px\" \/>\t\t\t\t\t\t\t\t\t\t\t\t\t\t\t<\/div>\n\t\t\t\t<\/div>\n\t\t\t\t<\/div>\n\t\t\t\t<\/div>\n\t\t\t\t\t<\/div>\n\t\t\t\t<\/div>\n\t\t\t\t<\/div>\n\t\t","protected":false},"excerpt":{"rendered":"<p>Nalu Valencia Empresas La elecci\u00f3n perfecta en un hotel de primera clase Ven con tu empresa a Nalu El Hotel Nalu Valencia no solo proporciona un entorno sofisticado, sino tambi\u00e9n todas las facilidades necesarias para garantizar el \u00e9xito de tu evento empresarial. Descuentos especiales para empresas Contacta con Nalu Contamos con una ubicaci\u00f3n privilegiada Valencia [&hellip;]<\/p>\n","protected":false},"author":1,"featured_media":0,"parent":0,"menu_order":0,"comment_status":"closed","ping_status":"closed","template":"elementor_header_footer","meta":{"_acf_changed":false,"footnotes":""},"class_list":["post-1482","page","type-page","status-publish","hentry"],"acf":[],"yoast_head":"<!-- This site is optimized with the Yoast SEO plugin v27.3 - https:\/\/yoast.com\/product\/yoast-seo-wordpress\/ -->\n<title>Nalu empresas - nalu en<\/title>\n<meta name=\"description\" content=\"El Hotel Nalu Valencia no solo proporciona todas las facilidades necesarias para garantizar el \u00e9xito de tu empresa.\" \/>\n<meta name=\"robots\" content=\"index, follow, max-snippet:-1, max-image-preview:large, max-video-preview:-1\" \/>\n<link rel=\"canonical\" href=\"https:\/\/naluvalencia.com\/en\/nalu-empresas\/\" \/>\n<meta property=\"og:locale\" content=\"es_ES\" \/>\n<meta property=\"og:type\" content=\"article\" \/>\n<meta property=\"og:title\" content=\"Nalu empresas - nalu en\" \/>\n<meta property=\"og:description\" content=\"El Hotel Nalu Valencia no solo proporciona todas las facilidades necesarias para garantizar el \u00e9xito de tu empresa.\" \/>\n<meta property=\"og:url\" content=\"https:\/\/naluvalencia.com\/en\/nalu-empresas\/\" \/>\n<meta property=\"og:site_name\" content=\"nalu en\" \/>\n<meta property=\"article:modified_time\" content=\"2024-07-10T14:57:56+00:00\" \/>\n<meta property=\"og:image\" content=\"https:\/\/naluvalencia.com\/wp-content\/uploads\/sites\/5\/Plaz-del-ayuntamiento-de-Valencia-de-noche.webp\" \/>\n<meta name=\"twitter:card\" content=\"summary_large_image\" \/>\n<meta name=\"twitter:label1\" content=\"Tiempo de lectura\" \/>\n\t<meta name=\"twitter:data1\" content=\"2 minutos\" \/>\n<script type=\"application\/ld+json\" class=\"yoast-schema-graph\">{\"@context\":\"https:\\\/\\\/schema.org\",\"@graph\":[{\"@type\":\"WebPage\",\"@id\":\"https:\\\/\\\/naluvalencia.com\\\/en\\\/nalu-empresas\\\/\",\"url\":\"https:\\\/\\\/naluvalencia.com\\\/en\\\/nalu-empresas\\\/\",\"name\":\"Nalu empresas - nalu en\",\"isPartOf\":{\"@id\":\"https:\\\/\\\/naluvalencia.com\\\/en\\\/#website\"},\"primaryImageOfPage\":{\"@id\":\"https:\\\/\\\/naluvalencia.com\\\/en\\\/nalu-empresas\\\/#primaryimage\"},\"image\":{\"@id\":\"https:\\\/\\\/naluvalencia.com\\\/en\\\/nalu-empresas\\\/#primaryimage\"},\"thumbnailUrl\":\"https:\\\/\\\/naluvalencia.com\\\/wp-content\\\/uploads\\\/sites\\\/5\\\/Plaz-del-ayuntamiento-de-Valencia-de-noche.webp\",\"datePublished\":\"2024-05-31T15:00:25+00:00\",\"dateModified\":\"2024-07-10T14:57:56+00:00\",\"description\":\"El Hotel Nalu Valencia no solo proporciona todas las facilidades necesarias para garantizar el \u00e9xito de tu empresa.\",\"breadcrumb\":{\"@id\":\"https:\\\/\\\/naluvalencia.com\\\/en\\\/nalu-empresas\\\/#breadcrumb\"},\"inLanguage\":\"es\",\"potentialAction\":[{\"@type\":\"ReadAction\",\"target\":[\"https:\\\/\\\/naluvalencia.com\\\/en\\\/nalu-empresas\\\/\"]}]},{\"@type\":\"ImageObject\",\"inLanguage\":\"es\",\"@id\":\"https:\\\/\\\/naluvalencia.com\\\/en\\\/nalu-empresas\\\/#primaryimage\",\"url\":\"https:\\\/\\\/naluvalencia.com\\\/wp-content\\\/uploads\\\/sites\\\/5\\\/Plaz-del-ayuntamiento-de-Valencia-de-noche.webp\",\"contentUrl\":\"https:\\\/\\\/naluvalencia.com\\\/wp-content\\\/uploads\\\/sites\\\/5\\\/Plaz-del-ayuntamiento-de-Valencia-de-noche.webp\"},{\"@type\":\"BreadcrumbList\",\"@id\":\"https:\\\/\\\/naluvalencia.com\\\/en\\\/nalu-empresas\\\/#breadcrumb\",\"itemListElement\":[{\"@type\":\"ListItem\",\"position\":1,\"name\":\"Portada\",\"item\":\"https:\\\/\\\/naluvalencia.com\\\/en\\\/\"},{\"@type\":\"ListItem\",\"position\":2,\"name\":\"Nalu empresas\"}]},{\"@type\":\"WebSite\",\"@id\":\"https:\\\/\\\/naluvalencia.com\\\/en\\\/#website\",\"url\":\"https:\\\/\\\/naluvalencia.com\\\/en\\\/\",\"name\":\"nalu en\",\"description\":\"Valencia Boutique Rooms\",\"publisher\":{\"@id\":\"https:\\\/\\\/naluvalencia.com\\\/en\\\/#organization\"},\"potentialAction\":[{\"@type\":\"SearchAction\",\"target\":{\"@type\":\"EntryPoint\",\"urlTemplate\":\"https:\\\/\\\/naluvalencia.com\\\/en\\\/?s={search_term_string}\"},\"query-input\":{\"@type\":\"PropertyValueSpecification\",\"valueRequired\":true,\"valueName\":\"search_term_string\"}}],\"inLanguage\":\"es\"},{\"@type\":\"Organization\",\"@id\":\"https:\\\/\\\/naluvalencia.com\\\/en\\\/#organization\",\"name\":\"nalu en\",\"url\":\"https:\\\/\\\/naluvalencia.com\\\/en\\\/\",\"logo\":{\"@type\":\"ImageObject\",\"inLanguage\":\"es\",\"@id\":\"https:\\\/\\\/naluvalencia.com\\\/en\\\/#\\\/schema\\\/logo\\\/image\\\/\",\"url\":\"https:\\\/\\\/naluvalencia.com\\\/en\\\/wp-content\\\/uploads\\\/sites\\\/5\\\/NALU-Logo-Blanco.webp\",\"contentUrl\":\"https:\\\/\\\/naluvalencia.com\\\/en\\\/wp-content\\\/uploads\\\/sites\\\/5\\\/NALU-Logo-Blanco.webp\",\"width\":400,\"height\":173,\"caption\":\"nalu en\"},\"image\":{\"@id\":\"https:\\\/\\\/naluvalencia.com\\\/en\\\/#\\\/schema\\\/logo\\\/image\\\/\"}}]}<\/script>\n<!-- \/ Yoast SEO plugin. -->","yoast_head_json":{"title":"Nalu empresas - nalu en","description":"El Hotel Nalu Valencia no solo proporciona todas las facilidades necesarias para garantizar el \u00e9xito de tu empresa.","robots":{"index":"index","follow":"follow","max-snippet":"max-snippet:-1","max-image-preview":"max-image-preview:large","max-video-preview":"max-video-preview:-1"},"canonical":"https:\/\/naluvalencia.com\/en\/nalu-empresas\/","og_locale":"es_ES","og_type":"article","og_title":"Nalu empresas - nalu en","og_description":"El Hotel Nalu Valencia no solo proporciona todas las facilidades necesarias para garantizar el \u00e9xito de tu empresa.","og_url":"https:\/\/naluvalencia.com\/en\/nalu-empresas\/","og_site_name":"nalu en","article_modified_time":"2024-07-10T14:57:56+00:00","og_image":[{"url":"https:\/\/naluvalencia.com\/wp-content\/uploads\/sites\/5\/Plaz-del-ayuntamiento-de-Valencia-de-noche.webp","type":"","width":"","height":""}],"twitter_card":"summary_large_image","twitter_misc":{"Tiempo de lectura":"2 minutos"},"schema":{"@context":"https:\/\/schema.org","@graph":[{"@type":"WebPage","@id":"https:\/\/naluvalencia.com\/en\/nalu-empresas\/","url":"https:\/\/naluvalencia.com\/en\/nalu-empresas\/","name":"Nalu empresas - nalu en","isPartOf":{"@id":"https:\/\/naluvalencia.com\/en\/#website"},"primaryImageOfPage":{"@id":"https:\/\/naluvalencia.com\/en\/nalu-empresas\/#primaryimage"},"image":{"@id":"https:\/\/naluvalencia.com\/en\/nalu-empresas\/#primaryimage"},"thumbnailUrl":"https:\/\/naluvalencia.com\/wp-content\/uploads\/sites\/5\/Plaz-del-ayuntamiento-de-Valencia-de-noche.webp","datePublished":"2024-05-31T15:00:25+00:00","dateModified":"2024-07-10T14:57:56+00:00","description":"El Hotel Nalu Valencia no solo proporciona todas las facilidades necesarias para garantizar el \u00e9xito de tu empresa.","breadcrumb":{"@id":"https:\/\/naluvalencia.com\/en\/nalu-empresas\/#breadcrumb"},"inLanguage":"es","potentialAction":[{"@type":"ReadAction","target":["https:\/\/naluvalencia.com\/en\/nalu-empresas\/"]}]},{"@type":"ImageObject","inLanguage":"es","@id":"https:\/\/naluvalencia.com\/en\/nalu-empresas\/#primaryimage","url":"https:\/\/naluvalencia.com\/wp-content\/uploads\/sites\/5\/Plaz-del-ayuntamiento-de-Valencia-de-noche.webp","contentUrl":"https:\/\/naluvalencia.com\/wp-content\/uploads\/sites\/5\/Plaz-del-ayuntamiento-de-Valencia-de-noche.webp"},{"@type":"BreadcrumbList","@id":"https:\/\/naluvalencia.com\/en\/nalu-empresas\/#breadcrumb","itemListElement":[{"@type":"ListItem","position":1,"name":"Portada","item":"https:\/\/naluvalencia.com\/en\/"},{"@type":"ListItem","position":2,"name":"Nalu empresas"}]},{"@type":"WebSite","@id":"https:\/\/naluvalencia.com\/en\/#website","url":"https:\/\/naluvalencia.com\/en\/","name":"nalu en","description":"Valencia Boutique Rooms","publisher":{"@id":"https:\/\/naluvalencia.com\/en\/#organization"},"potentialAction":[{"@type":"SearchAction","target":{"@type":"EntryPoint","urlTemplate":"https:\/\/naluvalencia.com\/en\/?s={search_term_string}"},"query-input":{"@type":"PropertyValueSpecification","valueRequired":true,"valueName":"search_term_string"}}],"inLanguage":"es"},{"@type":"Organization","@id":"https:\/\/naluvalencia.com\/en\/#organization","name":"nalu en","url":"https:\/\/naluvalencia.com\/en\/","logo":{"@type":"ImageObject","inLanguage":"es","@id":"https:\/\/naluvalencia.com\/en\/#\/schema\/logo\/image\/","url":"https:\/\/naluvalencia.com\/en\/wp-content\/uploads\/sites\/5\/NALU-Logo-Blanco.webp","contentUrl":"https:\/\/naluvalencia.com\/en\/wp-content\/uploads\/sites\/5\/NALU-Logo-Blanco.webp","width":400,"height":173,"caption":"nalu en"},"image":{"@id":"https:\/\/naluvalencia.com\/en\/#\/schema\/logo\/image\/"}}]}},"_links":{"self":[{"href":"https:\/\/naluvalencia.com\/en\/wp-json\/wp\/v2\/pages\/1482","targetHints":{"allow":["GET"]}}],"collection":[{"href":"https:\/\/naluvalencia.com\/en\/wp-json\/wp\/v2\/pages"}],"about":[{"href":"https:\/\/naluvalencia.com\/en\/wp-json\/wp\/v2\/types\/page"}],"author":[{"embeddable":true,"href":"https:\/\/naluvalencia.com\/en\/wp-json\/wp\/v2\/users\/1"}],"replies":[{"embeddable":true,"href":"https:\/\/naluvalencia.com\/en\/wp-json\/wp\/v2\/comments?post=1482"}],"version-history":[{"count":45,"href":"https:\/\/naluvalencia.com\/en\/wp-json\/wp\/v2\/pages\/1482\/revisions"}],"predecessor-version":[{"id":1913,"href":"https:\/\/naluvalencia.com\/en\/wp-json\/wp\/v2\/pages\/1482\/revisions\/1913"}],"wp:attachment":[{"href":"https:\/\/naluvalencia.com\/en\/wp-json\/wp\/v2\/media?parent=1482"}],"curies":[{"name":"wp","href":"https:\/\/api.w.org\/{rel}","templated":true}]}}